{"id":9,"date":"2025-12-24T06:20:15","date_gmt":"2025-12-24T06:20:15","guid":{"rendered":"https:\/\/diamondmodel.de\/cart\/"},"modified":"2025-12-24T07:07:06","modified_gmt":"2025-12-24T07:07:06","slug":"carucior","status":"publish","type":"page","link":"https:\/\/diamondmodel.de\/ro\/carucior\/","title":{"rendered":"Cart"},"content":{"rendered":"<div data-block-name=\"woocommerce\/cart\" class=\"wp-block-woocommerce-cart alignwide is-loading\">\n<div data-block-name=\"woocommerce\/filled-cart-block\" class=\"wp-block-woocommerce-filled-cart-block\">\n<div data-block-name=\"woocommerce\/cart-items-block\" class=\"wp-block-woocommerce-cart-items-block\">\n<div data-block-name=\"woocommerce\/cart-line-items-block\" class=\"wp-block-woocommerce-cart-line-items-block\"><\/div>\n\n\n<\/div>\n\n\n\n\n<div data-block-name=\"woocommerce\/cart-totals-block\" class=\"wp-block-woocommerce-cart-totals-block\">\n<div data-block-name=\"woocommerce\/cart-order-summary-block\" class=\"wp-block-woocommerce-cart-order-summary-block\">\n<div data-block-name=\"woocommerce\/cart-order-summary-heading-block\" class=\"wp-block-woocommerce-cart-order-summary-heading-block\"><\/div><div data-block-name=\"woocommerce\/cart-order-summary-coupon-form-block\" class=\"wp-block-woocommerce-cart-order-summary-coupon-form-block\"><\/div><div data-block-name=\"woocommerce\/cart-order-summary-totals-block\" class=\"wp-block-woocommerce-cart-order-summary-totals-block\">\n<div data-block-name=\"woocommerce\/cart-order-summary-subtotal-block\" class=\"wp-block-woocommerce-cart-order-summary-subtotal-block\"><\/div>\n<div data-block-name=\"woocommerce\/cart-order-summary-discount-block\" class=\"wp-block-woocommerce-cart-order-summary-discount-block\"><\/div>\n<div data-block-name=\"woocommerce\/cart-order-summary-fee-block\" class=\"wp-block-woocommerce-cart-order-summary-fee-block\"><\/div>\n<div data-block-name=\"woocommerce\/cart-order-summary-shipping-block\" class=\"wp-block-woocommerce-cart-order-summary-shipping-block\"><\/div>\n<div data-block-name=\"woocommerce\/cart-order-summary-taxes-block\" class=\"wp-block-woocommerce-cart-order-summary-taxes-block\"><\/div><\/div>\n<\/div>\n\n\n\n<div data-block-name=\"woocommerce\/cart-express-payment-block\" class=\"wp-block-woocommerce-cart-express-payment-block\"><\/div>\n\n\n\n<div data-block-name=\"woocommerce\/proceed-to-checkout-block\" class=\"wp-block-woocommerce-proceed-to-checkout-block\"><\/div>\n\n\n\n<div data-block-name=\"woocommerce\/cart-accepted-payment-methods-block\" class=\"wp-block-woocommerce-cart-accepted-payment-methods-block\"><\/div>\n<\/div>\n<\/div>\n\n\n\n<div data-block-name=\"woocommerce\/empty-cart-block\" class=\"wp-block-woocommerce-empty-cart-block\">\n<h2 class=\"wp-block-heading has-text-align-center with-empty-cart-icon wc-block-cart__empty-cart__title\">Co\u0219ul dvs. este \u00een prezent gol!<\/h2>\n\n\n\n<hr class=\"wp-block-separator has-alpha-channel-opacity is-style-dots\"\/>\n\n\n\n<h2 class=\"wp-block-heading has-text-align-center\">Nou \u00een magazin<\/h2>\n\n\n<div data-block-name=\"woocommerce\/product-new\" data-columns=\"4\" data-rows=\"1\" class=\"wc-block-grid wp-block-product-new wp-block-woocommerce-product-new wc-block-product-new has-4-columns\"><ul class=\"wc-block-grid__products\"><li class=\"wc-block-grid__product\">\n\t\t\t\t<a href=\"https:\/\/diamondmodel.de\/ro\/product\/926\/\" class=\"wc-block-grid__product-link\">\n\t\t\t\t\t\n\t\t\t\t\t<div class=\"wc-block-grid__product-image\"><img loading=\"lazy\" decoding=\"async\" width=\"300\" height=\"300\" src=\"https:\/\/diamondmodel.de\/wp-content\/uploads\/2026\/01\/Conservative-Matchmaker-300x300.png\" class=\"attachment-woocommerce_thumbnail size-woocommerce_thumbnail\" alt=\"Elite Dating Services For Business Tycoons In Jeddah Cautare frumoase Est European Brides\" \/><\/div>\n\t\t\t\t\t<div class=\"wc-block-grid__product-title\">Elite Dating Services For Business Tycoons In Jeddah Cautare frumoase Est European Brides<\/div>\n\t\t\t\t<\/a>\n\t\t\t\t<div class=\"wc-block-grid__product-price price\"><span class=\"woocommerce-Price-amount amount\"><span class=\"woocommerce-Price-currencySymbol\">&#036;<\/span>137.85<\/span><\/div>\n\t\t\t\t\n\t\t\t\t<div class=\"wp-block-button wc-block-grid__product-add-to-cart\"><a href=\"\/ro\/wp-json\/wp\/v2\/pages\/9?add-to-cart=926\" aria-label=\"Ad\u0103uga\u021bi \u00een co\u0219: \u201cElite Dating Services For Business Tycoons In Jeddah Seeking Beautiful Eastern European Brides\u201d\" data-quantity=\"1\" data-product_id=\"926\" data-product_sku=\"\" data-price=\"137.85\" rel=\"nofollow\" class=\"wp-block-button__link  add_to_cart_button ajax_add_to_cart\" data-no-translation=\"\" data-trp-gettext=\"\" data-no-translation-aria-label=\"\">Ad\u0103uga\u021bi \u00een co\u0219<\/a><\/div>\n\t\t\t<\/li><li class=\"wc-block-grid__product\">\n\t\t\t\t<a href=\"https:\/\/diamondmodel.de\/ro\/product\/925\/\" class=\"wc-block-grid__product-link\">\n\t\t\t\t\t\n\t\t\t\t\t<div class=\"wc-block-grid__product-image\"><img loading=\"lazy\" decoding=\"async\" width=\"300\" height=\"300\" src=\"https:\/\/diamondmodel.de\/wp-content\/uploads\/2026\/01\/LGBTQ-Matchmaker-300x300.png\" class=\"attachment-woocommerce_thumbnail size-woocommerce_thumbnail\" alt=\"Matchmaking profesionist pentru b\u0103rba\u021bi boga\u021bi din Orientul Mijlociu care caut\u0103 asisten\u021b\u0103 pentru vize \u0219i frumuse\u021be slav\u0103\" \/><\/div>\n\t\t\t\t\t<div class=\"wc-block-grid__product-title\">Matchmaking profesionist pentru b\u0103rba\u021bi boga\u021bi din Orientul Mijlociu care caut\u0103 asisten\u021b\u0103 pentru vize \u0219i frumuse\u021be slav\u0103<\/div>\n\t\t\t\t<\/a>\n\t\t\t\t<div class=\"wc-block-grid__product-price price\"><span class=\"woocommerce-Price-amount amount\"><span class=\"woocommerce-Price-currencySymbol\">&#036;<\/span>144.87<\/span><\/div>\n\t\t\t\t\n\t\t\t\t<div class=\"wp-block-button wc-block-grid__product-add-to-cart\"><a href=\"\/ro\/wp-json\/wp\/v2\/pages\/9?add-to-cart=925\" aria-label=\"Ad\u0103uga\u021bi \u00een co\u0219: \u201cProfessional Matchmaking For Wealthy Men In The Middle East Seeking Visa Assistance And Slavic Beauty\u201d\" data-quantity=\"1\" data-product_id=\"925\" data-product_sku=\"\" data-price=\"144.87\" rel=\"nofollow\" class=\"wp-block-button__link  add_to_cart_button ajax_add_to_cart\" data-no-translation=\"\" data-trp-gettext=\"\" data-no-translation-aria-label=\"\">Ad\u0103uga\u021bi \u00een co\u0219<\/a><\/div>\n\t\t\t<\/li><li class=\"wc-block-grid__product\">\n\t\t\t\t<a href=\"https:\/\/diamondmodel.de\/ro\/product\/924\/\" class=\"wc-block-grid__product-link\">\n\t\t\t\t\t\n\t\t\t\t\t<div class=\"wc-block-grid__product-image\"><img loading=\"lazy\" decoding=\"async\" width=\"300\" height=\"300\" src=\"https:\/\/diamondmodel.de\/wp-content\/uploads\/2026\/01\/Liberal-Matchmaker-300x300.png\" class=\"attachment-woocommerce_thumbnail size-woocommerce_thumbnail\" alt=\"High Net Worth Matchmaking \u00cen Emiratele Arabe Unite Pentru G\u0103sirea Dragostei Adev\u0103rate Cu O So\u021bie Slav\u0103 Frumoas\u0103\" \/><\/div>\n\t\t\t\t\t<div class=\"wc-block-grid__product-title\">High Net Worth Matchmaking \u00cen Emiratele Arabe Unite Pentru G\u0103sirea Dragostei Adev\u0103rate Cu O So\u021bie Slav\u0103 Frumoas\u0103<\/div>\n\t\t\t\t<\/a>\n\t\t\t\t<div class=\"wc-block-grid__product-price price\"><span class=\"woocommerce-Price-amount amount\"><span class=\"woocommerce-Price-currencySymbol\">&#036;<\/span>173.45<\/span><\/div>\n\t\t\t\t\n\t\t\t\t<div class=\"wp-block-button wc-block-grid__product-add-to-cart\"><a href=\"\/ro\/wp-json\/wp\/v2\/pages\/9?add-to-cart=924\" aria-label=\"Ad\u0103uga\u021bi \u00een co\u0219: \u201cHigh Net Worth Matchmaking In The United Arab Emirates For Finding True Love With A Beautiful Slavic Wife\u201d\" data-quantity=\"1\" data-product_id=\"924\" data-product_sku=\"\" data-price=\"173.45\" rel=\"nofollow\" class=\"wp-block-button__link  add_to_cart_button ajax_add_to_cart\" data-no-translation=\"\" data-trp-gettext=\"\" data-no-translation-aria-label=\"\">Ad\u0103uga\u021bi \u00een co\u0219<\/a><\/div>\n\t\t\t<\/li><li class=\"wc-block-grid__product\">\n\t\t\t\t<a href=\"https:\/\/diamondmodel.de\/ro\/product\/923\/\" class=\"wc-block-grid__product-link\">\n\t\t\t\t\t\n\t\t\t\t\t<div class=\"wc-block-grid__product-image\"><img loading=\"lazy\" decoding=\"async\" width=\"300\" height=\"300\" src=\"https:\/\/diamondmodel.de\/wp-content\/uploads\/2026\/01\/Luxury-Matchmaker-300x300.png\" class=\"attachment-woocommerce_thumbnail size-woocommerce_thumbnail\" alt=\"Servicii de introducere de lux pentru burlaci de elit\u0103 \u00een Kuwait C\u0103uta\u021bi doamne ucrainene \u0219i bieloruse uimitoare\" \/><\/div>\n\t\t\t\t\t<div class=\"wc-block-grid__product-title\">Servicii de introducere de lux pentru burlaci de elit\u0103 \u00een Kuwait C\u0103uta\u021bi doamne ucrainene \u0219i bieloruse uimitoare<\/div>\n\t\t\t\t<\/a>\n\t\t\t\t<div class=\"wc-block-grid__product-price price\"><span class=\"woocommerce-Price-amount amount\"><span class=\"woocommerce-Price-currencySymbol\">&#036;<\/span>184.69<\/span><\/div>\n\t\t\t\t\n\t\t\t\t<div class=\"wp-block-button wc-block-grid__product-add-to-cart\"><a href=\"\/ro\/wp-json\/wp\/v2\/pages\/9?add-to-cart=923\" aria-label=\"Ad\u0103uga\u021bi \u00een co\u0219: \u201cLuxury Introduction Services For Elite Bachelors In Kuwait Seeking Stunning Ukrainian And Belarusian Ladies\u201d\" data-quantity=\"1\" data-product_id=\"923\" data-product_sku=\"\" data-price=\"184.69\" rel=\"nofollow\" class=\"wp-block-button__link  add_to_cart_button ajax_add_to_cart\" data-no-translation=\"\" data-trp-gettext=\"\" data-no-translation-aria-label=\"\">Ad\u0103uga\u021bi \u00een co\u0219<\/a><\/div>\n\t\t\t<\/li><\/ul><\/div><\/div>\n<\/div>","protected":false},"excerpt":{"rendered":"","protected":false},"author":1,"featured_media":0,"parent":0,"menu_order":0,"comment_status":"closed","ping_status":"closed","template":"","meta":{"_et_pb_use_builder":"","_et_pb_old_content":"","_et_gb_content_width":"","footnotes":""},"class_list":["post-9","page","type-page","status-publish","hentry"],"_hostinger_reach_plugin_has_subscription_block":false,"_hostinger_reach_plugin_is_elementor":false,"_links":{"self":[{"href":"https:\/\/diamondmodel.de\/ro\/wp-json\/wp\/v2\/pages\/9","targetHints":{"allow":["GET"]}}],"collection":[{"href":"https:\/\/diamondmodel.de\/ro\/wp-json\/wp\/v2\/pages"}],"about":[{"href":"https:\/\/diamondmodel.de\/ro\/wp-json\/wp\/v2\/types\/page"}],"author":[{"embeddable":true,"href":"https:\/\/diamondmodel.de\/ro\/wp-json\/wp\/v2\/users\/1"}],"replies":[{"embeddable":true,"href":"https:\/\/diamondmodel.de\/ro\/wp-json\/wp\/v2\/comments?post=9"}],"version-history":[{"count":1,"href":"https:\/\/diamondmodel.de\/ro\/wp-json\/wp\/v2\/pages\/9\/revisions"}],"predecessor-version":[{"id":524,"href":"https:\/\/diamondmodel.de\/ro\/wp-json\/wp\/v2\/pages\/9\/revisions\/524"}],"wp:attachment":[{"href":"https:\/\/diamondmodel.de\/ro\/wp-json\/wp\/v2\/media?parent=9"}],"curies":[{"name":"wp","href":"https:\/\/api.w.org\/{rel}","templated":true}]}}