{"id":821,"date":"2026-01-12T09:42:52","date_gmt":"2026-01-12T09:42:52","guid":{"rendered":"https:\/\/diamondmodel.de\/product\/luxury-matchmaking-for-tech-founders-in-sweden-seeking-eastern-european-partners\/"},"modified":"2026-01-12T09:42:52","modified_gmt":"2026-01-12T09:42:52","slug":"luxury-matchmaking-for-tech-founders-in-sweden-seeking-eastern-european-partners","status":"publish","type":"product","link":"https:\/\/diamondmodel.de\/de\/product\/821\/","title":{"rendered":"Luxury Matchmaking For Tech Founders In Sweden Seeking Eastern European Partners"},"content":{"rendered":"<h1 data-path-to-node=\"39\">Diamond Model - Kuratieren von zeitloser Romantik und Verm\u00e4chtnis<\/h1>\n<h3 data-path-to-node=\"40\"><b data-path-to-node=\"40\" data-index-in-node=\"0\">Marke:<\/b> Diamant-Modell<\/h3>\n<h3 data-path-to-node=\"41\"><b data-path-to-node=\"41\" data-index-in-node=\"0\">Zielpublikum:<\/b> Verm\u00f6gende Privatpersonen, Familien mit altem Geld, Aristokratie, Luxusliebhaber<\/h3>\n<h2 data-path-to-node=\"42\">1. einleitung: Die Kunst, kompromisslos zu leben<\/h2>\n<p data-path-to-node=\"43\">Wahrer Luxus ist die F\u00e4higkeit, ohne Kompromisse zu w\u00e4hlen. Sie wohnen in den feinsten H\u00e4usern, Sie sch\u00e4tzen die Handwerkskunst eines Ma\u00dfanzugs und Sie gestalten jeden Aspekt Ihres Lebens selbst. Doch f\u00fcr viele <b data-path-to-node=\"43\" data-index-in-node=\"207\">verm\u00f6gende Privatpersonen<\/b>, Die Suche nach einem Lebenspartner ist oft mit einer Reihe von Kompromissen verbunden.<\/p>\n<p data-path-to-node=\"44\"><b data-path-to-node=\"44\" data-index-in-node=\"0\">Diamant-Modell<\/b> existiert, um Kompromisse aus Ihrem romantischen Leben zu eliminieren. Wir sind eine ultra-exklusive <b data-path-to-node=\"44\" data-index-in-node=\"96\">Boutique-Vermittlung<\/b> Atelier f\u00fcr den distinguierten Gentleman, der sich nicht zufrieden geben will. Wir sind darauf spezialisiert, die begehrtesten Junggesellen der Welt zu vereinen - von <b data-path-to-node=\"44\" data-index-in-node=\"255\">Europ\u00e4ische Aristokratie<\/b> zu <b data-path-to-node=\"44\" data-index-in-node=\"279\">Vision\u00e4re aus dem Silicon Valley<\/b> und <b data-path-to-node=\"44\" data-index-in-node=\"310\">Eliten der Golfregion<\/b>-mit den atemberaubenden Frauen der slawischen V\u00f6lker.<\/p>\n<p data-path-to-node=\"45\">Wir laden Sie ein, nach Osten zu schauen <b data-path-to-node=\"45\" data-index-in-node=\"30\">Russland, Ukraine, Belarus, Polen und Rum\u00e4nien<\/b>. Dies sind die L\u00e4nder, in denen die traditionelle Weiblichkeit noch gefeiert wird, in denen Sch\u00f6nheit eine Frage des Nationalstolzes ist und in denen die Rolle der Ehefrau und Mutter h\u00f6chste Wertsch\u00e4tzung genie\u00dft.<\/p>\n<h2 data-path-to-node=\"46\">2 Die slawische Mystik: Eine R\u00fcckkehr zur Tradition<\/h2>\n<p data-path-to-node=\"47\">In den Kreisen der <b data-path-to-node=\"47\" data-index-in-node=\"18\">Elite-Vermittlung<\/b>, Es ist ein offenes Geheimnis, dass die begehrtesten Ehefrauen oft aus Osteuropa stammen. Aber was macht das \u00abslawische Mysterium\u00bb so anziehend f\u00fcr die <b data-path-to-node=\"47\" data-index-in-node=\"179\">wohlhabender Mann<\/b>?<\/p>\n<h3 data-path-to-node=\"48\">Die \u00c4sthetik der Exzellenz<\/h3>\n<p data-path-to-node=\"49\">In der slawischen Kultur gilt Sch\u00f6nheit als eine Form der H\u00f6flichkeit. Die Frauen, die wir vertreten, sind sehr stolz auf ihr Aussehen. Sie sind fit, feminin und modebewusst. F\u00fcr den Mann, der Galas, Wohlt\u00e4tigkeitsb\u00e4lle und hochkar\u00e4tige gesellschaftliche Veranstaltungen besucht, ist eine slawische Frau ein Kompliment f\u00fcr seinen Status - eine Frau, die in jedem Raum gl\u00e4nzt.<\/p>\n<h3 data-path-to-node=\"50\">Das Herz der Familie<\/h3>\n<p data-path-to-node=\"51\">Hinter ihrem atemberaubenden \u00c4u\u00dferen verbirgt sich ein traditionelles Herz. Im Gegensatz zum karrieregeplagten Dating-Pool des Westens werden slawische Frauen mit starken Familienwerten erzogen. Sie betrachten die Schaffung eines warmen, liebevollen Heims als ein nobles Ziel. Sie sind unterst\u00fctzende Partnerinnen, die ihren Ehem\u00e4nnern in den H\u00f6hen und Tiefen des Lebens zur Seite stehen.<\/p>\n<h3 data-path-to-node=\"52\">Intellektuelle Tiefe<\/h3>\n<p data-path-to-node=\"53\">Verwechseln Sie Sch\u00f6nheit nicht mit Einfachheit. Die Bildungssysteme in Russland, Rum\u00e4nien und Polen sind sehr streng. Unsere weiblichen Mitglieder haben oft einen Abschluss in Medizin, Ingenieurwesen, Jura oder Kunst. Sie sind intellektuell anregende Begleiterinnen f\u00fcr die <b data-path-to-node=\"53\" data-index-in-node=\"242\">KI-F\u00fchrungskraft<\/b> oder die <b data-path-to-node=\"53\" data-index-in-node=\"262\">kluger Investor<\/b>, die in der Lage sind, tiefe Gespr\u00e4che zu f\u00fchren und gemeinsam geistig zu wachsen.<\/p>\n<h2 data-path-to-node=\"54\">3 The Diamond Experience: Ihr privater Concierge<\/h2>\n<p data-path-to-node=\"55\">Unser Service ist auf die anspruchsvollen Lebensgewohnheiten der Verbraucher zugeschnitten. <b data-path-to-node=\"55\" data-index-in-node=\"63\">Weltelite<\/b>. Wir k\u00fcmmern uns um die Logistik, Sie um die Romantik. <b data-path-to-node=\"55\" data-index-in-node=\"126\">Diamant-Modell<\/b> bietet einen Service, der einer privaten Bankbeziehung \u00e4hnelt - pers\u00f6nlich, diskret und ma\u00dfgeschneidert.<\/p>\n<h3 data-path-to-node=\"56\">Schritt 1: Die Entwurfsphase<\/h3>\n<p data-path-to-node=\"57\">Wir f\u00fchren ein pers\u00f6nliches Beratungsgespr\u00e4ch, um Ihre \u00abideale Partner-DNA\u00bb zu ermitteln. Wir betrachten \u00e4sthetische Vorlieben, Pers\u00f6nlichkeitsmerkmale und die Kompatibilit\u00e4t des Lebensstils.<\/p>\n<ul data-path-to-node=\"58\">\n<li>\n<p data-path-to-node=\"58,0,0\">Sie brauchen einen Partner, der das ruhige Leben auf einem Landsitz liebt?<\/p>\n<\/li>\n<li>\n<p data-path-to-node=\"58,1,0\">Brauchen Sie eine kosmopolitische Frau, die sich in London, Dubai oder Singapur wohl f\u00fchlt?<\/p>\n<\/li>\n<li>\n<p data-path-to-node=\"58,2,0\">Wir passen die Suche an Ihren spezifischen Lebensrhythmus an.<\/p>\n<\/li>\n<\/ul>\n<h3 data-path-to-node=\"59\">Schritt 2: Ma\u00dfgeschneiderte Kuration<\/h3>\n<p data-path-to-node=\"60\">Wir pr\u00e4sentieren Ihnen ein kuratiertes Portfolio. Dabei handelt es sich nicht nur um Fotos, sondern um umfassende Profile. Wir \u00fcberpr\u00fcfen den Hintergrund, die Ausbildung und die Familiengeschichte. Sie w\u00e4hlen die Frauen aus, die Ihr Interesse wecken, und wir stellen den ersten Kontakt her.<\/p>\n<h3 data-path-to-node=\"61\">Schritt 3: Das VIP-Rendezvous<\/h3>\n<p data-path-to-node=\"62\">Wenn Sie zu einem Treffen bereit sind, <b data-path-to-node=\"62\" data-index-in-node=\"28\">Diamant-Modell<\/b> fungiert als Ihr Reiseziel-Concierge. Wir organisieren Ihre Reise in die Region (oder einen neutralen Luxusort).<\/p>\n<ul data-path-to-node=\"63\">\n<li>\n<p data-path-to-node=\"63,0,0\"><b data-path-to-node=\"63,0,0\" data-index-in-node=\"0\">Die Atmosph\u00e4re:<\/b> Wir glauben, dass Romantik den richtigen Rahmen braucht. Wir arrangieren Verabredungen in einer Umgebung, die Intimit\u00e4t zul\u00e4sst - Abendessen bei Kerzenschein, private Stadtf\u00fchrungen oder Kaffee in historischen Vierteln.<\/p>\n<\/li>\n<li>\n<p data-path-to-node=\"63,1,0\"><b data-path-to-node=\"63,1,0\" data-index-in-node=\"0\">Die Unterst\u00fctzung:<\/b> Unsere Assistenten vor Ort sorgen f\u00fcr Ihren Komfort, k\u00fcmmern sich um die Reservierungen und \u00fcbersetzen bei Bedarf, damit die Stimmung auf die Verbindung und nicht auf die Logistik ausgerichtet bleibt.<\/p>\n<\/li>\n<\/ul>\n<h2 data-path-to-node=\"64\">4 Br\u00fccken zwischen den Welten: Die Integration des \u00abNeuen Lebens\u00bb<\/h2>\n<p data-path-to-node=\"65\">Die Liebe zu finden ist der erste Schritt, das Zusammenleben ist das Ziel. <b data-path-to-node=\"65\" data-index-in-node=\"61\">Diamant-Modell<\/b> ist auf den komplexen \u00dcbergang eines Partners aus Osteuropa in Ihre Welt spezialisiert.<\/p>\n<h3 data-path-to-node=\"66\">Einfacher Verwaltungsaufwand (Visa und Recht)<\/h3>\n<p data-path-to-node=\"67\">Wir nehmen Ihnen den Stress der B\u00fcrokratie. Unsere Experten f\u00fchren Sie durch das Labyrinth der internationalen Ehegesetze. Wir stellen sicher, dass die Papiere Ihrer Verlobten f\u00fcr Visa - sei es f\u00fcr die USA (K-1), das Vereinigte K\u00f6nigreich, den Schengen-Raum oder die VAE - mit viel Liebe zum Detail vorbereitet werden. Wir \u00fcberwachen die \u00dcbersetzung der standesamtlichen Dokumente, um Ablehnungen und Verz\u00f6gerungen zu vermeiden.<\/p>\n<h3 data-path-to-node=\"68\">Kultur- und Lebensstil-Concierge<\/h3>\n<p data-path-to-node=\"69\">Der Umzug in ein neues Land ist eine Herausforderung, die wir leicht machen. Wir bieten einen \u00abSoft Landing\u00bb-Service:<\/p>\n<ul data-path-to-node=\"70\">\n<li>\n<p data-path-to-node=\"70,0,0\"><b data-path-to-node=\"70,0,0\" data-index-in-node=\"0\">Soziale Integration:<\/b> Wir helfen ihr, lokale Gemeinschaften, Fitnesszentren und Hobbys zu finden, damit sie sich einen eigenen sozialen Kreis aufbauen kann und sich nicht isoliert f\u00fchlt.<\/p>\n<\/li>\n<li>\n<p data-path-to-node=\"70,1,0\"><b data-path-to-node=\"70,1,0\" data-index-in-node=\"0\">Religi\u00f6se und kulturelle Achtung:<\/b> F\u00fcr unsere Kunden im Nahen Osten stellen wir sicher, dass Ihr Partner \u00fcber kulturelle Normen und Bescheidenheit unterrichtet wird, um einen respektvollen und reibungslosen \u00dcbergang in Ihre Gesellschaft zu gew\u00e4hrleisten.<\/p>\n<\/li>\n<li>\n<p data-path-to-node=\"70,2,0\"><b data-path-to-node=\"70,2,0\" data-index-in-node=\"0\">Autofahren und Unabh\u00e4ngigkeit:<\/b> Wir helfen bei der praktischen Umsetzung von Qualifikationen oder beim Erwerb eines lokalen F\u00fchrerscheins.<\/p>\n<\/li>\n<\/ul>\n<h2 data-path-to-node=\"71\">5. Eine Einladung zu einem neuen Erbe<\/h2>\n<p data-path-to-node=\"72\">Sie haben in Ihr Unternehmen, Ihr Portfolio und Ihren Nachlass investiert. Aber die wichtigste Investition Ihres Lebens ist Ihre Partnerin. Eine unterst\u00fctzende, liebevolle und sch\u00f6ne Frau vervielfacht Ihr Gl\u00fcck und sichert Ihr Erbe.<\/p>\n<p data-path-to-node=\"73\"><b data-path-to-node=\"73\" data-index-in-node=\"0\">Diamant-Modell<\/b> dient dem Mann, der alles hat, nur nicht die richtige Frau, mit der er es teilen kann. Wir bieten W\u00fcrde, Exklusivit\u00e4t und Ergebnisse. Mitglied werden <b data-path-to-node=\"73\" data-index-in-node=\"138\">Diamant-Modell<\/b>, und lassen Sie uns die Einf\u00fchrung kuratieren, die Ihr Leben f\u00fcr immer ver\u00e4ndert.<\/p>","protected":false},"excerpt":{"rendered":"<p>Diamond Model \u2014 Curating Timeless Romance &amp; Legacy Brand: Diamond Model Target Audience: High-Net-Worth Individuals, Old Money Families, Aristocracy, Luxury Connoisseurs 1. Introduction: The Art of Living Without Compromise True luxury is the ability to choose without compromise. You reside in the finest properties, you appreciate the craftsmanship of a bespoke suit, and you curate [&hellip;]<\/p>","protected":false},"featured_media":762,"comment_status":"open","ping_status":"closed","template":"","meta":{"_et_pb_use_builder":"","_et_pb_old_content":"","_et_gb_content_width":""},"product_brand":[],"product_cat":[],"product_tag":[],"class_list":{"0":"post-821","1":"product","2":"type-product","3":"status-publish","4":"has-post-thumbnail","7":"first","8":"instock","9":"shipping-taxable","10":"purchasable","11":"product-type-simple"},"_links":{"self":[{"href":"https:\/\/diamondmodel.de\/de\/wp-json\/wp\/v2\/product\/821","targetHints":{"allow":["GET"]}}],"collection":[{"href":"https:\/\/diamondmodel.de\/de\/wp-json\/wp\/v2\/product"}],"about":[{"href":"https:\/\/diamondmodel.de\/de\/wp-json\/wp\/v2\/types\/product"}],"replies":[{"embeddable":true,"href":"https:\/\/diamondmodel.de\/de\/wp-json\/wp\/v2\/comments?post=821"}],"wp:featuredmedia":[{"embeddable":true,"href":"https:\/\/diamondmodel.de\/de\/wp-json\/wp\/v2\/media\/762"}],"wp:attachment":[{"href":"https:\/\/diamondmodel.de\/de\/wp-json\/wp\/v2\/media?parent=821"}],"wp:term":[{"taxonomy":"product_brand","embeddable":true,"href":"https:\/\/diamondmodel.de\/de\/wp-json\/wp\/v2\/product_brand?post=821"},{"taxonomy":"product_cat","embeddable":true,"href":"https:\/\/diamondmodel.de\/de\/wp-json\/wp\/v2\/product_cat?post=821"},{"taxonomy":"product_tag","embeddable":true,"href":"https:\/\/diamondmodel.de\/de\/wp-json\/wp\/v2\/product_tag?post=821"}],"curies":[{"name":"wp","href":"https:\/\/api.w.org\/{rel}","templated":true}]}}