{"id":263,"date":"2025-12-24T06:46:29","date_gmt":"2025-12-24T06:46:29","guid":{"rendered":"https:\/\/diamondmodel.de\/product\/%d0%ba%d0%b0%d0%ba-%d0%bd%d0%b0%d0%b9%d1%82%d0%b8-%d0%bc%d0%be%d0%b4%d0%b5%d0%bb%d1%8c%d0%bd%d0%be%d0%b5-%d0%b0%d0%b3%d0%b5%d0%bd%d1%82%d1%81%d1%82%d0%b2%d0%be-%d0%be%d1%82%d0%ba%d1%80%d1%8b\/"},"modified":"2025-12-24T06:46:29","modified_gmt":"2025-12-24T06:46:29","slug":"%d0%ba%d0%b0%d0%ba-%d0%bd%d0%b0%d0%b9%d1%82%d0%b8-%d0%bc%d0%be%d0%b4%d0%b5%d0%bb%d1%8c%d0%bd%d0%be%d0%b5-%d0%b0%d0%b3%d0%b5%d0%bd%d1%82%d1%81%d1%82%d0%b2%d0%be-%d0%be%d1%82%d0%ba%d1%80%d1%8b","status":"publish","type":"product","link":"https:\/\/diamondmodel.de\/de\/product\/263\/","title":{"rendered":"\u043a\u0430\u043a \u043d\u0430\u0439\u0442\u0438 \u043c\u043e\u0434\u0435\u043b\u044c\u043d\u043e\u0435 \u0430\u0433\u0435\u043d\u0442\u0441\u0442\u0432\u043e \u2014 \u043e\u0442\u043a\u0440\u044b\u0442 \u043d\u0430\u0431\u043e\u0440 \u043d\u0430 \u0441\u0435\u0437\u043e\u043d. \u0420\u043e\u0441\u0441\u0438\u044f, \u0423\u043a\u0440\u0430\u0438\u043d\u0430, \u0411\u0435\u043b\u0430\u0440\u0443\u0441\u044c. \u041a\u0430\u0441\u0442\u0438\u043d\u0433\u0438: \u0412\u043e\u043b\u0433\u043e\u0433\u0440\u0430\u0434, \u0420\u043e\u0432\u043d\u043e, \u041d\u043e\u0432\u043e\u043f\u043e\u043b\u043e\u0446\u043a"},"content":{"rendered":"<h1 data-path-to-node=\"4\">VOLLST\u00c4NDIGER LEITFADEN F\u00dcR DIE MODELLIERUNG IN ASIEN (FAQ 2026)<\/h1>\n<h1 data-path-to-node=\"5\">(DER ULTIMATIVE LEITFADEN F\u00dcR DAS MODELLIEREN IN ASIEN: FAQ 2026)<\/h1>\n<p data-path-to-node=\"6\"><b data-path-to-node=\"6\" data-index-in-node=\"0\">ALLES, WAS SIE SCHON IMMER \u00dcBER DIE ARBEIT IN CHINA UND HONGKONG WISSEN WOLLTEN, ABER NICHT ZU FRAGEN WAGTEN<\/b><\/p>\n<p data-path-to-node=\"7\">Die asiatische Modeindustrie ist der dynamischste Markt der Welt. Doch mit den gro\u00dfen Chancen kommen auch gro\u00dfe Fragen. Wie bekomme ich ein Visum? Wo werde ich leben? Ist es sicher? Welche Arten von Mode sind gerade in Mode?<\/p>\n<p data-path-to-node=\"8\">Unsere Agentur hat dieses ausf\u00fchrliche Dokument erstellt, um mit Mythen aufzur\u00e4umen und Ihnen einen klaren Fahrplan zu geben. Wir sind auf den M\u00e4rkten des chinesischen Festlands (Shanghai, Hangzhou, Guangzhou, Shenzhen) und in Hongkong t\u00e4tig. Wir suchen Fachleute und neue Gesichter.<\/p>\n<p data-path-to-node=\"9\">Nachstehend finden Sie die Antworten auf alle Ihre Fragen.<\/p>\n<hr data-path-to-node=\"10\" \/>\n<h2 data-path-to-node=\"11\">BLOCK 1: TYPEN UND KATEGORIEN (WEN SUCHEN WIR?)<\/h2>\n<p data-path-to-node=\"12\">Der asiatische Markt ist riesig. Es gibt nicht nur die Topmodels von den Titelseiten der Vogue, sondern auch Werbemodelle, Kinder und \u00dcbergr\u00f6\u00dfen. Finden Sie Ihre Kategorie.<\/p>\n<h3 data-path-to-node=\"13\">FRAGE 1: \u00abIch bin nicht 90-60-90. Gibt es einen Job f\u00fcr mich?\u00bb<\/h3>\n<p data-path-to-node=\"14\"><b data-path-to-node=\"14\" data-index-in-node=\"0\">ANTWORT:<\/b> Ja, die Standards haben sich ge\u00e4ndert.<\/p>\n<ul data-path-to-node=\"15\">\n<li>\n<p data-path-to-node=\"15,0,0\"><b data-path-to-node=\"15,0,0\" data-index-in-node=\"0\">Kategorie High Fashion (Laufsteg und Glanz):<\/b> Hier kommt es nicht so sehr auf die Zentimeter an, sondern auf die Proportionen und die K\u00f6rpergr\u00f6\u00dfe. M\u00e4dchen: 177-181 cm, H\u00fcften bis zu 90 cm. Jungen: 187-190 cm. Typ: Strange Face, Alien Face, starker Knochenbau. Standorte: Shanghai, Hongkong.<\/p>\n<\/li>\n<li>\n<p data-path-to-node=\"15,1,0\"><b data-path-to-node=\"15,1,0\" data-index-in-node=\"0\">Kategorie Kommerziell (Kataloge):<\/b> Hier kann man kleiner sein (M\u00e4dchen ab 165 cm), aber es ist wichtig, ein s\u00fc\u00dfes Gesicht (Baby Face), gute Haut und ein L\u00e4cheln zu haben. Die H\u00fcften k\u00f6nnen bis zu 92-93 cm sein, wenn die Figur schlank ist. Standorte: Hangzhou, Guangzhou.<\/p>\n<\/li>\n<li>\n<p data-path-to-node=\"15,2,0\"><b data-path-to-node=\"15,2,0\" data-index-in-node=\"0\">Plus-Size Kategorie:<\/b> Aktiv wachsendes Segment. Gesucht werden M\u00e4dchen mit Konfektionsgr\u00f6\u00dfe L-XXL. Wichtig: die Figur sollte sportlich, gepflegt, mit einer ausgepr\u00e4gten Taille sein. K\u00f6rpergr\u00f6\u00dfe ab 170 cm.<\/p>\n<\/li>\n<\/ul>\n<h3 data-path-to-node=\"16\">FRAGE 2: \u00abNehmen Sie Models mit Tattoos?\u00bb<\/h3>\n<p data-path-to-node=\"17\"><b data-path-to-node=\"17\" data-index-in-node=\"0\">ANTWORT:<\/b> Das kommt auf den Markt an.<\/p>\n<ul data-path-to-node=\"18\">\n<li>\n<p data-path-to-node=\"18,0,0\"><b data-path-to-node=\"18,0,0\" data-index-in-node=\"0\">Hongkong:<\/b> Mehr Loyalit\u00e4t. F\u00fcr Modeshootings und Streetstyle k\u00f6nnen Tattoos sogar ein Plus sein.<\/p>\n<\/li>\n<li>\n<p data-path-to-node=\"18,1,0\"><b data-path-to-node=\"18,1,0\" data-index-in-node=\"0\">Festland China:<\/b> Der Markt ist konservativ. F\u00fcr Bekleidungskataloge (insbesondere f\u00fcr Dessous) sind T\u00e4towierungen unerw\u00fcnscht. Wenn man sie hat, muss man sie vor jedem Shooting mit Foundation-Creme abdecken oder sie mit Photoshop entfernen (was die Kunden nicht m\u00f6gen). Kleine Tattoos sind kein Problem.<\/p>\n<\/li>\n<\/ul>\n<h3 data-path-to-node=\"19\">FRAGE 3: \u00abSind Sie auf der Suche nach Kindern?\u00bb<\/h3>\n<p data-path-to-node=\"20\"><b data-path-to-node=\"20\" data-index-in-node=\"0\">ANTWORT:<\/b> Ja, Kindermode ist in China eine Milliarden-Dollar-Industrie.<\/p>\n<ul data-path-to-node=\"21\">\n<li>\n<p data-path-to-node=\"21,0,0\">Wir suchen europ\u00e4isch aussehende Kinder (blond, rothaarig, rotbraun) und Mischlingskinder (eurasisch).<\/p>\n<\/li>\n<li>\n<p data-path-to-node=\"21,1,0\">Alter: 4 bis 14 Jahre.<\/p>\n<\/li>\n<li>\n<p data-path-to-node=\"21,2,0\"><b data-path-to-node=\"21,2,0\" data-index-in-node=\"0\">Das ist wichtig:<\/b> Wir arbeiten nur mit Eltern. Wir akzeptieren keine unbegleiteten Kinder.<\/p>\n<\/li>\n<\/ul>\n<h3 data-path-to-node=\"22\">FRAGE 4: \u00abWas ist ein Teilemodell?\u00bb<\/h3>\n<p data-path-to-node=\"23\"><b data-path-to-node=\"23\" data-index-in-node=\"0\">ANTWORT:<\/b> Das sind Modelle f\u00fcr K\u00f6rperteile. Wenn Sie perfekte H\u00e4nde haben (lange Finger, sch\u00f6ne Nagelplatte), k\u00f6nnen Sie an Schmuck-Shootings arbeiten. Wenn Sie sch\u00f6ne Beine haben (Kn\u00f6chel, F\u00fc\u00dfe) - das sind Schuhkataloge.<\/p>\n<hr data-path-to-node=\"24\" \/>\n<h2 data-path-to-node=\"25\">BLOCK 2: UNTERST\u00dcTZUNG BEI DER VISAERTEILUNG UND LEGALISIERUNG (SEHR WICHTIG)<\/h2>\n<p data-path-to-node=\"26\">Wir arbeiten streng nach dem Gesetz. Illegale Arbeit in China kann zu Abschiebung und Berufsverbot f\u00fchren. Wir lassen das nicht zu.<\/p>\n<h3 data-path-to-node=\"27\">FRAGE 5: \u00abWelche Art von Visum ben\u00f6tige ich f\u00fcr China?\u00bb<\/h3>\n<p data-path-to-node=\"28\"><b data-path-to-node=\"28\" data-index-in-node=\"0\">ANTWORT:<\/b> Um legal arbeiten zu k\u00f6nnen, ist ein spezielles Arbeitsvisum erforderlich.<\/p>\n<ol start=\"1\" data-path-to-node=\"29\">\n<li>\n<p data-path-to-node=\"29,0,0\"><b data-path-to-node=\"29,0,0\" data-index-in-node=\"0\">Prozess:<\/b> Sie senden uns Dokumente (Scan des Reisepasses, Foto auf wei\u00dfem Hintergrund, manchmal - Diplom oder Bescheinigung \u00fcber die Straffreiheit).<\/p>\n<\/li>\n<li>\n<p data-path-to-node=\"29,1,0\"><b data-path-to-node=\"29,1,0\" data-index-in-node=\"0\">Anordnung:<\/b> Die chinesische Aufnahmeagentur reicht die Unterlagen beim Arbeitsamt ein.<\/p>\n<\/li>\n<li>\n<p data-path-to-node=\"29,2,0\"><b data-path-to-node=\"29,2,0\" data-index-in-node=\"0\">Einladung:<\/b> Sie erhalten ein offizielles \u00abBenachrichtigungsschreiben \u00fcber die Arbeitserlaubnis f\u00fcr Ausl\u00e4nder\u00bb.<\/p>\n<\/li>\n<li>\n<p data-path-to-node=\"29,3,0\"><b data-path-to-node=\"29,3,0\" data-index-in-node=\"0\">Visum:<\/b> Mit diesem Schreiben gehen Sie zum Konsulat der VR China in Ihrem Land und beantragen ein Visum (normalerweise Typ Z oder Sonderkategorie).<\/p>\n<\/li>\n<\/ol>\n<ul data-path-to-node=\"30\">\n<li>\n<p data-path-to-node=\"30,0,0\"><i data-path-to-node=\"30,0,0\" data-index-in-node=\"0\">Warnung:<\/i> Stimmen Sie niemals zu, mit einem Touristenvisum (L) zu arbeiten! Das ist illegal.<\/p>\n<\/li>\n<\/ul>\n<h3 data-path-to-node=\"31\">FRAGE 6: \u00abWie ist die Lage in Hongkong?\u00bb<\/h3>\n<p data-path-to-node=\"32\"><b data-path-to-node=\"32\" data-index-in-node=\"0\">ANTWORT:<\/b> Hongkong hat sein eigenes Einwanderungssystem.<\/p>\n<ul data-path-to-node=\"33\">\n<li>\n<p data-path-to-node=\"33,0,0\">Sie werden Folgendes brauchen <b data-path-to-node=\"33,0,0\" data-index-in-node=\"10\">Arbeitsvisum<\/b> (Arbeitsvisum).<\/p>\n<\/li>\n<li>\n<p data-path-to-node=\"33,1,0\">Die Gastagentur fungiert als Ihr Sponsor. Wir beweisen der Einwanderungsbeh\u00f6rde in Hongkong, dass Sie ein einzigartiges Erscheinungsbild haben, das Einheimische nicht haben.<\/p>\n<\/li>\n<li>\n<p data-path-to-node=\"33,2,0\">Das Verfahren dauert 4-6 Wochen. Das Visum wird in den Reisepass eingeklebt oder elektronisch ausgestellt (e-Visum).<\/p>\n<\/li>\n<\/ul>\n<h3 data-path-to-node=\"34\">FRAGE 7: \u00abWer zahlt f\u00fcr das Visum?\u00bb<\/h3>\n<p data-path-to-node=\"35\"><b data-path-to-node=\"35\" data-index-in-node=\"0\">ANTWORT:<\/b> Die Agentur schie\u00dft alle Kosten f\u00fcr Visa und Genehmigungen vor (im Voraus). Dieser Betrag wird in Ihrer Bilanz (Kontoauszug) ausgewiesen und von Ihrem ersten Verdienst abgezogen.<\/p>\n<hr data-path-to-node=\"36\" \/>\n<h2 data-path-to-node=\"37\">BLOCK 3: LEBEN IN ASIEN (LEBEN UND \u00dcBERLEBEN)<\/h2>\n<p data-path-to-node=\"38\">Asien ist eine andere Welt. Darauf muss man im Alltag vorbereitet sein.<\/p>\n<h3 data-path-to-node=\"39\">FRAGE 8: \u00abWo werde ich wohnen?\u00bb<\/h3>\n<p data-path-to-node=\"40\"><b data-path-to-node=\"40\" data-index-in-node=\"0\">ANTWORT:<\/b> In der Musterwohnung.<\/p>\n<ul data-path-to-node=\"41\">\n<li>\n<p data-path-to-node=\"41,0,0\">Dabei handelt es sich um gro\u00dfe Wohnungen in bewachten Wohnsiedlungen (Gardens).<\/p>\n<\/li>\n<li>\n<p data-path-to-node=\"41,1,0\"><b data-path-to-node=\"41,1,0\" data-index-in-node=\"0\">Bedingungen und Konditionen:<\/b> Normalerweise 2-3 Zimmer. Es leben 2 Modelle in einem Zimmer (Einzelbetten).<\/p>\n<\/li>\n<li>\n<p data-path-to-node=\"41,2,0\"><b data-path-to-node=\"41,2,0\" data-index-in-node=\"0\">Ausr\u00fcstung:<\/b> Wi-Fi, Waschmaschine, K\u00fchlschrank, Herd, Klimaanlage. Bettw\u00e4sche wird gestellt.<\/p>\n<\/li>\n<li>\n<p data-path-to-node=\"41,3,0\"><b data-path-to-node=\"41,3,0\" data-index-in-node=\"0\">Standort:<\/b> Wir w\u00e4hlen Wohnungen in der N\u00e4he der U-Bahn oder im Stadtzentrum, damit Sie die Castings bequem erreichen k\u00f6nnen.<\/p>\n<\/li>\n<\/ul>\n<h3 data-path-to-node=\"42\">FRAGE 9: \u00abWas ist mit dem Internet? Brauche ich ein VPN?\u00bb<\/h3>\n<p data-path-to-node=\"43\"><b data-path-to-node=\"43\" data-index-in-node=\"0\">ANTWORT:<\/b><\/p>\n<ul data-path-to-node=\"44\">\n<li>\n<p data-path-to-node=\"44,0,0\"><b data-path-to-node=\"44,0,0\" data-index-in-node=\"0\">Festland China:<\/b> Ja, das ist wichtig: Google, Instagram, WhatsApp, YouTube, YouTube, Telegram sind in China blockiert. Sie m\u00fcssen ein zuverl\u00e4ssiges VPN installieren und daf\u00fcr bezahlen <b data-path-to-node=\"44,0,0\" data-index-in-node=\"160\">vor der Abfahrt<\/b>. Ohne sie wird Ihr Telefon zu einem Taschenrechner.<\/p>\n<\/li>\n<li>\n<p data-path-to-node=\"44,1,0\"><b data-path-to-node=\"44,1,0\" data-index-in-node=\"0\">Hongkong:<\/b> Nein, das Internet ist hier kostenlos. Alle Anwendungen funktionieren ohne Einschr\u00e4nkungen.<\/p>\n<\/li>\n<\/ul>\n<h3 data-path-to-node=\"45\">FRAGE 10: \u00abWelche Apps sollte ich herunterladen?\u00bb<\/h3>\n<p data-path-to-node=\"46\"><b data-path-to-node=\"46\" data-index-in-node=\"0\">ANTWORT:<\/b> Ihr \u00abSurvival Kit\u00bb (Muss man haben):<\/p>\n<ol start=\"1\" data-path-to-node=\"47\">\n<li>\n<p data-path-to-node=\"47,0,0\"><b data-path-to-node=\"47,0,0\" data-index-in-node=\"0\">WeChat (Weixin):<\/b> Die wichtigste App. Sie ist ein Messenger, ein soziales Netzwerk und eine Geldb\u00f6rse. Hier werden Sie mit Buchern chatten, hier werden Sie Ihren Kaffee bezahlen.<\/p>\n<\/li>\n<li>\n<p data-path-to-node=\"47,1,0\"><b data-path-to-node=\"47,1,0\" data-index-in-node=\"0\">Alipay (Zhifubao):<\/b> Zahlungssystem. Bargeld wird in China so gut wie nie verwendet.<\/p>\n<\/li>\n<li>\n<p data-path-to-node=\"47,2,0\"><b data-path-to-node=\"47,2,0\" data-index-in-node=\"0\">DiDi:<\/b> Eine Analogie zu Uber\/Taxi. Es gibt eine englische Version.<\/p>\n<\/li>\n<li>\n<p data-path-to-node=\"47,3,0\"><b data-path-to-node=\"47,3,0\" data-index-in-node=\"0\">Amap \/ Baidu Maps:<\/b> Karten (Google Maps funktioniert in China nicht gut und wird nicht aktualisiert).<\/p>\n<\/li>\n<li>\n<p data-path-to-node=\"47,4,0\"><b data-path-to-node=\"47,4,0\" data-index-in-node=\"0\">Meituan \/ Ele.me:<\/b> Lieferung von Nahrungsmitteln, Lebensmitteln und Medikamenten.<\/p>\n<\/li>\n<li>\n<p data-path-to-node=\"47,5,0\"><b data-path-to-node=\"47,5,0\" data-index-in-node=\"0\">\u00dcbersetzer \/ Papago:<\/b> \u00dcbersetzer mit Foto-\/Sprach\u00fcbersetzungsfunktion.<\/p>\n<\/li>\n<\/ol>\n<h3 data-path-to-node=\"48\">FRAGE 11: \u00abIst es sicher, allein zu gehen?\u00bb<\/h3>\n<p data-path-to-node=\"49\"><b data-path-to-node=\"49\" data-index-in-node=\"0\">ANTWORT:<\/b> Positiv. China und Hongkong geh\u00f6ren zu den sichersten Orten der Welt. Stra\u00dfenkriminalit\u00e4t, Raub\u00fcberf\u00e4lle oder Anschl\u00e4ge sind hier extrem selten. Es gibt \u00fcberall Kameras und die Stra\u00dfen sind gut beleuchtet. Man kann auch sp\u00e4tabends noch sicher nach Hause gehen.<\/p>\n<h3 data-path-to-node=\"50\">FRAGE 12: \u00abWas soll man von zu Hause mitnehmen?\u00bb<\/h3>\n<p data-path-to-node=\"51\"><b data-path-to-node=\"51\" data-index-in-node=\"0\">ANTWORT:<\/b><\/p>\n<ul data-path-to-node=\"52\">\n<li>\n<p data-path-to-node=\"52,0,0\"><b data-path-to-node=\"52,0,0\" data-index-in-node=\"0\">Kosmetika:<\/b> Ihre bevorzugten Hautpflegeprodukte. In Asien ist es schwierig, helle Grundierungen (die Einheimischen m\u00f6gen es, ihr Gesicht aufzuhellen, aber die T\u00f6ne passen vielleicht nicht zu Europ\u00e4ern) und vertraute Deodorants zu finden.<\/p>\n<\/li>\n<li>\n<p data-path-to-node=\"52,1,0\"><b data-path-to-node=\"52,1,0\" data-index-in-node=\"0\">Hygiene:<\/b> Tampons. Tampons sind in Asien nicht beliebt, in den Gesch\u00e4ften gibt es meist Binden. Nehmen Sie einen 3-Monats-Vorrat mit.<\/p>\n<\/li>\n<li>\n<p data-path-to-node=\"52,2,0\"><b data-path-to-node=\"52,2,0\" data-index-in-node=\"0\">Leinen:<\/b> Nahtlose, hautfarbene Dessous (Tanga und Mieder) sind ein Muss f\u00fcr die Arbeit!<\/p>\n<\/li>\n<li>\n<p data-path-to-node=\"52,3,0\"><b data-path-to-node=\"52,3,0\" data-index-in-node=\"0\">Schuhe:<\/b> Schwarze Schuhe mit Absatz (Slipper) f\u00fcr Castings und bequeme Turnschuhe f\u00fcr das Leben.<\/p>\n<\/li>\n<li>\n<p data-path-to-node=\"52,4,0\"><b data-path-to-node=\"52,4,0\" data-index-in-node=\"0\">Erste-Hilfe-Kasten:<\/b> Schmerzmittel, Sorptionsmittel, Erk\u00e4ltungsmedizin.<\/p>\n<\/li>\n<\/ul>\n<hr data-path-to-node=\"53\" \/>\n<h2 data-path-to-node=\"54\">BLOCK 4: FINANZEN UND ERTR\u00c4GE<\/h2>\n<p data-path-to-node=\"55\">Wie sind die wirtschaftlichen Aspekte Ihrer Reise strukturiert?<\/p>\n<h3 data-path-to-node=\"56\">FRAGE 13: \u00abWas sind \u2018Minus\u2019 und \u2018Pockets\u2019?\u00bb<\/h3>\n<p data-path-to-node=\"57\"><b data-path-to-node=\"57\" data-index-in-node=\"0\">ANTWORT:<\/b><\/p>\n<ul data-path-to-node=\"58\">\n<li>\n<p data-path-to-node=\"58,0,0\"><b data-path-to-node=\"58,0,0\" data-index-in-node=\"0\">Minus-System (negativer Saldo):<\/b> Die Agentur investiert Geld in Sie, damit Sie einfliegen und anfangen k\u00f6nnen zu arbeiten. Wir kaufen Ihre Flugtickets, stellen Ihr Visum aus, bezahlen Ihre Wohnung. Diese Ausgaben werden auf Ihrem Konto verbucht. Es handelt sich nicht um eine \u00abSchuld\u00bb im Sinne einer Bank, sondern um eine Investition. Sie ist durch Ihre zuk\u00fcnftige Arbeit gedeckt.<\/p>\n<\/li>\n<li>\n<p data-path-to-node=\"58,1,0\"><b data-path-to-node=\"58,1,0\" data-index-in-node=\"0\">Taschengeld (Taschengeld):<\/b> Jede Woche erhalten Sie Bargeld (f\u00fcr Lebensmittel und Transport). Das sind in der Regel ~500-700 Yuan (oder HKD). Dies wird ebenfalls zum \u00abMinus\u00bb addiert.<\/p>\n<\/li>\n<\/ul>\n<h3 data-path-to-node=\"59\">FRAGE 14: \u00abWie viel werde ich verdienen?\u00bb<\/h3>\n<p data-path-to-node=\"60\"><b data-path-to-node=\"60\" data-index-in-node=\"0\">ANTWORT:<\/b><\/p>\n<ul data-path-to-node=\"61\">\n<li>\n<p data-path-to-node=\"61,0,0\">Die Provisionen der Mutter- und Gastagenturen werden vom Betrag jedes Vertrags (Drehs) abgezogen (Branchenstandard: das Modell erh\u00e4lt 50-60% des \u00abschmutzigen\u00bb Betrags).<\/p>\n<\/li>\n<li>\n<p data-path-to-node=\"61,1,0\">Zun\u00e4chst wird Ihr Anteil zur Begleichung des \u00abMinus\u00bb (Tickets, Visum) verwendet.<\/p>\n<\/li>\n<li>\n<p data-path-to-node=\"61,2,0\">Sobald das \u00abMinus\u00bb ausgeglichen ist, machen Sie einen Nettogewinn (\u00abOver\u00bb).<\/p>\n<\/li>\n<li>\n<p data-path-to-node=\"61,3,0\"><b data-path-to-node=\"61,3,0\" data-index-in-node=\"0\">Potenzial:<\/b><\/p>\n<ul data-path-to-node=\"61,3,1\">\n<li>\n<p data-path-to-node=\"61,3,1,0,0\">W\u00e4hrend der kommerziellen Saison in China (Kataloge) k\u00f6nnen die Models zwischen $3.000 und $15.000 pro Monat und mehr verdienen.<\/p>\n<\/li>\n<li>\n<p data-path-to-node=\"61,3,1,1,0\">In Hongkong (Mode) steht mehr auf dem Spiel, aber die Arbeit ist vielleicht weniger quantitativ.<\/p>\n<\/li>\n<\/ul>\n<\/li>\n<\/ul>\n<hr data-path-to-node=\"62\" \/>\n<h2 data-path-to-node=\"63\">BLOCK 5: ARBEITSABLAUF (CASTING UND DREHARBEITEN)<\/h2>\n<h3 data-path-to-node=\"64\">FRAGE 15: \u00abIst es notwendig, Chinesisch zu k\u00f6nnen?\u00bb<\/h3>\n<p data-path-to-node=\"65\"><b data-path-to-node=\"65\" data-index-in-node=\"0\">ANTWORT:<\/b> Nein. Es gibt immer jemanden am Set, der Englisch spricht, oder sie benutzen die \u00dcbersetzer auf ihren Telefonen. Aber das Erlernen der grundlegenden W\u00f6rter (\u00abHello\u00bb, \u00abThank you\u00bb, \u00abLeft\/Right\u00bb) w\u00e4re ein gro\u00dfes Plus und ein Zeichen von Respekt. In Hongkong spricht fast jeder Englisch.<\/p>\n<h3 data-path-to-node=\"66\">FRAGE 16: \u00abWie sieht der Tag eines Models aus?\u00bb<\/h3>\n<p data-path-to-node=\"67\"><b data-path-to-node=\"67\" data-index-in-node=\"0\">ANTWORT:<\/b><\/p>\n<ol start=\"1\" data-path-to-node=\"68\">\n<li>\n<p data-path-to-node=\"68,0,0\"><b data-path-to-node=\"68,0,0\" data-index-in-node=\"0\">Am Vorabend:<\/b> Sie erhalten den Zeitplan \u00fcber WeChat.<\/p>\n<\/li>\n<li>\n<p data-path-to-node=\"68,1,0\"><b data-path-to-node=\"68,1,0\" data-index-in-node=\"0\">Morgen:<\/b> Sie stehen auf, machen ein leichtes Fr\u00fchst\u00fcck, packen Ihre \u00abModeltasche\u00bb (Komposit, Schuhe, Unterw\u00e4sche, Powerbank) und fahren zur Adresse.<\/p>\n<\/li>\n<li>\n<p data-path-to-node=\"68,2,0\"><b data-path-to-node=\"68,2,0\" data-index-in-node=\"0\">Gie\u00dfen:<\/b> Es kann 3 bis 10 Vorsprechen pro Tag geben. Du kommst rein, zeigst die Buche, machst einen Walk-Through, probierst manchmal Kleider an.<\/p>\n<\/li>\n<li>\n<p data-path-to-node=\"68,3,0\"><b data-path-to-node=\"68,3,0\" data-index-in-node=\"0\">Dreharbeiten:<\/b> Wenn Sie eine Zusage erhalten, gehen Sie zum Shooting. In China dauern die Dreharbeiten sehr lange (6-10 Stunden). Sie m\u00fcssen darauf vorbereitet sein, hart zu arbeiten.<\/p>\n<\/li>\n<li>\n<p data-path-to-node=\"68,4,0\"><b data-path-to-node=\"68,4,0\" data-index-in-node=\"0\">Abend:<\/b> R\u00fcckkehr nach Hause, Abendessen, Ausruhen.<\/p>\n<\/li>\n<\/ol>\n<hr data-path-to-node=\"69\" \/>\n<h2 data-path-to-node=\"70\">BLOCK 6: WIE BEWIRBT MAN SICH?<\/h2>\n<p data-path-to-node=\"71\">Wir sch\u00e4tzen Ihre und unsere Zeit. Bitte befolgen Sie die Anweisungen.<\/p>\n<p data-path-to-node=\"72\"><b data-path-to-node=\"72\" data-index-in-node=\"0\">SIE WERDEN BRAUCHEN:<\/b><\/p>\n<ol start=\"1\" data-path-to-node=\"73\">\n<li>\n<p data-path-to-node=\"73,0,0\"><b data-path-to-node=\"73,0,0\" data-index-in-node=\"0\">Schnappsch\u00fcsse:<\/b> Das Wichtigste! Foto ohne Photoshop und Make-up.<\/p>\n<ul data-path-to-node=\"73,0,1\">\n<li>\n<p data-path-to-node=\"73,0,1,0,0\">Hintergrund: Eine helle Wand.<\/p>\n<\/li>\n<li>\n<p data-path-to-node=\"73,0,1,1,0\">Licht: Tageslicht (aus dem Fenster).<\/p>\n<\/li>\n<li>\n<p data-path-to-node=\"73,0,1,2,0\">Kleidung: Schwarzer separater Badeanzug (M\u00e4dchen) \/ Badehose (Jungs).<\/p>\n<\/li>\n<li>\n<p data-path-to-node=\"73,0,1,3,0\">Blickwinkel: Fas, Profile, R\u00fccken, L\u00e4cheln, Portr\u00e4t, ruhiges Portr\u00e4t.<\/p>\n<\/li>\n<\/ul>\n<\/li>\n<li>\n<p data-path-to-node=\"73,1,0\"><b data-path-to-node=\"73,1,0\" data-index-in-node=\"0\">Video (Video-Einf\u00fchrung):<\/b><\/p>\n<ul data-path-to-node=\"73,1,1\">\n<li>\n<p data-path-to-node=\"73,1,1,0,0\">Kurzes Video (30-40 Sekunden).<\/p>\n<\/li>\n<li>\n<p data-path-to-node=\"73,1,1,1,0\">Sagen Sie auf Englisch: Name, Alter, Gr\u00f6\u00dfe, Stadt.<\/p>\n<\/li>\n<li>\n<p data-path-to-node=\"73,1,1,2,0\">Zeigen Sie mir die Profile, die H\u00e4nde.<\/p>\n<\/li>\n<li>\n<p data-path-to-node=\"73,1,1,3,0\">Gehen (verunreinigen).<\/p>\n<\/li>\n<\/ul>\n<\/li>\n<li>\n<p data-path-to-node=\"73,2,0\"><b data-path-to-node=\"73,2,0\" data-index-in-node=\"0\">Portfolio:<\/b> Wenn Sie Erfahrung haben - schicken Sie Ihre besten Arbeiten (Zeitschriften, Kataloge, Tests).<\/p>\n<\/li>\n<\/ol>\n<p data-path-to-node=\"74\"><b data-path-to-node=\"74\" data-index-in-node=\"0\">SENDUNGSFORMAT:<\/b><\/p>\n<ul data-path-to-node=\"75\">\n<li>\n<p data-path-to-node=\"75,0,0\">Formbrief.<\/p>\n<\/li>\n<li>\n<p data-path-to-node=\"75,1,0\">Betreff des Beitrags: <b data-path-to-node=\"75,1,0\" data-index-in-node=\"13\">ASIEN 2025 \/ VORNAME NACHNAME \/ GR\u00d6SSE<\/b>.<\/p>\n<\/li>\n<li>\n<p data-path-to-node=\"75,2,0\">Geben Sie im Text die Parameter an: Brust \/ Taille \/ H\u00fcften \/ Schuhgr\u00f6\u00dfe \/ Augen- und Haarfarbe.<\/p>\n<\/li>\n<li>\n<p data-path-to-node=\"75,3,0\">H\u00e4ngen Sie Fotos mit Dateien an (kein Archiv!).<\/p>\n<\/li>\n<\/ul>\n<hr data-path-to-node=\"76\" \/>\n<p data-path-to-node=\"77\"><b data-path-to-node=\"77\" data-index-in-node=\"0\">SCHLUSSFOLGERUNG<\/b><\/p>\n<p data-path-to-node=\"78\">Arbeiten in Asien ist eine externe Lebensschule. Sie werden unabh\u00e4ngig, diszipliniert und selbstbewusst. Sie werden die Welt sehen, Geld verdienen und ein internationales Portfolio aufbauen.<\/p>\n<p data-path-to-node=\"79\">Wir sind bereit, Ihnen eine Plattform f\u00fcr den Start zu bieten. Wir k\u00fcmmern uns um alle b\u00fcrokratischen Angelegenheiten wie Visa und die Organisation des Alltagslebens. Alles, was Sie von uns brauchen, ist Professionalit\u00e4t, Arbeitswillen und Ehrlichkeit.<\/p>\n<p data-path-to-node=\"80\">Wenn du bereit bist f\u00fcr das Abenteuer deines Lebens, warten wir auf deine Bewerbung.<\/p>","protected":false},"excerpt":{"rendered":"<p>\u041f\u041e\u041b\u041d\u041e\u0415 \u0420\u0423\u041a\u041e\u0412\u041e\u0414\u0421\u0422\u0412\u041e \u041f\u041e \u041c\u041e\u0414\u0415\u041b\u0418\u041d\u0413\u0423 \u0412 \u0410\u0417\u0418\u0418 (FAQ 2026) (THE ULTIMATE GUIDE TO MODELING IN ASIA: FAQ 2026) \u0412\u0421\u0415, \u0427\u0422\u041e \u0412\u042b \u0425\u041e\u0422\u0415\u041b\u0418 \u0417\u041d\u0410\u0422\u042c \u041e \u0420\u0410\u0411\u041e\u0422\u0415 \u0412 \u041a\u0418\u0422\u0410\u0415 \u0418 \u0413\u041e\u041d\u041a\u041e\u041d\u0413\u0415, \u041d\u041e \u0411\u041e\u042f\u041b\u0418\u0421\u042c \u0421\u041f\u0420\u041e\u0421\u0418\u0422\u042c \u0418\u043d\u0434\u0443\u0441\u0442\u0440\u0438\u044f \u043c\u043e\u0434\u044b \u0410\u0437\u0438\u0438 \u2014 \u044d\u0442\u043e \u0441\u0430\u043c\u044b\u0439 \u0434\u0438\u043d\u0430\u043c\u0438\u0447\u043d\u044b\u0439 \u0440\u044b\u043d\u043e\u043a \u043d\u0430 \u043f\u043b\u0430\u043d\u0435\u0442\u0435. \u041d\u043e \u0432\u043c\u0435\u0441\u0442\u0435 \u0441 \u0431\u043e\u043b\u044c\u0448\u0438\u043c\u0438 \u0432\u043e\u0437\u043c\u043e\u0436\u043d\u043e\u0441\u0442\u044f\u043c\u0438 \u0432\u043e\u0437\u043d\u0438\u043a\u0430\u044e\u0442 \u0438 \u0431\u043e\u043b\u044c\u0448\u0438\u0435 \u0432\u043e\u043f\u0440\u043e\u0441\u044b. \u041a\u0430\u043a \u043f\u043e\u043b\u0443\u0447\u0438\u0442\u044c \u0432\u0438\u0437\u0443? \u0413\u0434\u0435 \u044f [&hellip;]<\/p>","protected":false},"featured_media":175,"comment_status":"open","ping_status":"closed","template":"","meta":{"_et_pb_use_builder":"","_et_pb_old_content":"","_et_gb_content_width":""},"product_brand":[],"product_cat":[],"product_tag":[],"class_list":{"0":"post-263","1":"product","2":"type-product","3":"status-publish","4":"has-post-thumbnail","7":"first","8":"instock","9":"shipping-taxable","10":"purchasable","11":"product-type-simple"},"_links":{"self":[{"href":"https:\/\/diamondmodel.de\/de\/wp-json\/wp\/v2\/product\/263","targetHints":{"allow":["GET"]}}],"collection":[{"href":"https:\/\/diamondmodel.de\/de\/wp-json\/wp\/v2\/product"}],"about":[{"href":"https:\/\/diamondmodel.de\/de\/wp-json\/wp\/v2\/types\/product"}],"replies":[{"embeddable":true,"href":"https:\/\/diamondmodel.de\/de\/wp-json\/wp\/v2\/comments?post=263"}],"wp:featuredmedia":[{"embeddable":true,"href":"https:\/\/diamondmodel.de\/de\/wp-json\/wp\/v2\/media\/175"}],"wp:attachment":[{"href":"https:\/\/diamondmodel.de\/de\/wp-json\/wp\/v2\/media?parent=263"}],"wp:term":[{"taxonomy":"product_brand","embeddable":true,"href":"https:\/\/diamondmodel.de\/de\/wp-json\/wp\/v2\/product_brand?post=263"},{"taxonomy":"product_cat","embeddable":true,"href":"https:\/\/diamondmodel.de\/de\/wp-json\/wp\/v2\/product_cat?post=263"},{"taxonomy":"product_tag","embeddable":true,"href":"https:\/\/diamondmodel.de\/de\/wp-json\/wp\/v2\/product_tag?post=263"}],"curies":[{"name":"wp","href":"https:\/\/api.w.org\/{rel}","templated":true}]}}